{"id":662,"date":"2020-12-21T10:17:23","date_gmt":"2020-12-21T10:17:23","guid":{"rendered":"https:\/\/depersonalization-derealization.com\/?page_id=662"},"modified":"2020-12-21T10:17:32","modified_gmt":"2020-12-21T10:17:32","slug":"medikamente","status":"publish","type":"page","link":"https:\/\/dpdrinfos.com\/de\/medikamente\/","title":{"rendered":"Medikamente"},"content":{"rendered":"<p>[et_pb_section fb_built=&#8221;1&#8243; _builder_version=&#8221;3.19.3&#8243; custom_padding=&#8221;50px|0px|7px|0px|false|false&#8221;][et_pb_row custom_padding=&#8221;30px|0px|4px|0px|false|false&#8221; _builder_version=&#8221;3.19.3&#8243;][et_pb_column type=&#8221;4_4&#8243; _builder_version=&#8221;3.19.3&#8243; parallax=&#8221;off&#8221; parallax_method=&#8221;on&#8221;][et_pb_text _builder_version=&#8221;3.19.3&#8243;]<\/p>\n<p>Hallo :), diese Seite ist eine Liste von Blog-Eintr\u00e4gen, in denen ich ein paar Medikamente beschreibe, die ab und zu in DPDR Diskussionen erw\u00e4hnt werden. Es tut mir leid, gleich zu Beginn zu erw\u00e4hnen, dass <strong>es kein Medikament gibt, von dem ich geh\u00f6rt habe, das DPDR von einem Tag auf den anderen verschwinden l\u00e4sst<\/strong>. Nichtsdestotrotz sind einige wenige in wissenschaftlichen Arbeiten diskutiert worden und k\u00f6nnten eine positive Wirkung haben!<\/p>\n<p>[\/et_pb_text][\/et_pb_column][\/et_pb_row][\/et_pb_section][et_pb_section fb_built=&#8221;1&#8243; _builder_version=&#8221;3.19.3&#8243; custom_padding=&#8221;4px|0px|50px|0px|false|false&#8221;][et_pb_row _builder_version=&#8221;3.19.3&#8243;][et_pb_column type=&#8221;4_4&#8243; _builder_version=&#8221;3.19.3&#8243; parallax=&#8221;off&#8221; parallax_method=&#8221;on&#8221;][et_pb_blog fullwidth=&#8221;off&#8221; include_categories=&#8221;31&#8243; show_more=&#8221;on&#8221; show_author=&#8221;off&#8221; _builder_version=&#8221;3.19.3&#8243; meta_font=&#8221;||||||||&#8221;][\/et_pb_blog][\/et_pb_column][\/et_pb_row][\/et_pb_section]<\/p>\n","protected":false},"excerpt":{"rendered":"<p>Hallo :), diese Seite ist eine Liste von Blog-Eintr\u00e4gen, in denen ich ein paar Medikamente beschreibe, die ab und zu in DPDR Diskussionen erw\u00e4hnt werden. Es tut mir leid, gleich zu Beginn zu erw\u00e4hnen, dass es kein Medikament gibt, von dem ich geh\u00f6rt habe, das DPDR von einem Tag auf den anderen verschwinden l\u00e4sst. Nichtsdestotrotz [&hellip;]<\/p>\n","protected":false},"author":2,"featured_media":0,"parent":0,"menu_order":0,"comment_status":"closed","ping_status":"closed","template":"","meta":{"_et_pb_use_builder":"on","_et_pb_old_content":"","_et_gb_content_width":"","footnotes":""},"class_list":["post-662","page","type-page","status-publish","hentry"],"aioseo_notices":[],"_links":{"self":[{"href":"https:\/\/dpdrinfos.com\/de\/wp-json\/wp\/v2\/pages\/662","targetHints":{"allow":["GET"]}}],"collection":[{"href":"https:\/\/dpdrinfos.com\/de\/wp-json\/wp\/v2\/pages"}],"about":[{"href":"https:\/\/dpdrinfos.com\/de\/wp-json\/wp\/v2\/types\/page"}],"author":[{"embeddable":true,"href":"https:\/\/dpdrinfos.com\/de\/wp-json\/wp\/v2\/users\/2"}],"replies":[{"embeddable":true,"href":"https:\/\/dpdrinfos.com\/de\/wp-json\/wp\/v2\/comments?post=662"}],"version-history":[{"count":7,"href":"https:\/\/dpdrinfos.com\/de\/wp-json\/wp\/v2\/pages\/662\/revisions"}],"predecessor-version":[{"id":669,"href":"https:\/\/dpdrinfos.com\/de\/wp-json\/wp\/v2\/pages\/662\/revisions\/669"}],"wp:attachment":[{"href":"https:\/\/dpdrinfos.com\/de\/wp-json\/wp\/v2\/media?parent=662"}],"curies":[{"name":"wp","href":"https:\/\/api.w.org\/{rel}","templated":true}]}}