{"id":641,"date":"2020-12-20T13:35:52","date_gmt":"2020-12-20T13:35:52","guid":{"rendered":"https:\/\/depersonalization-derealization.com\/?page_id=641"},"modified":"2020-12-21T11:12:25","modified_gmt":"2020-12-21T11:12:25","slug":"__trashed-3","status":"publish","type":"page","link":"https:\/\/dpdrinfos.com\/de\/__trashed-3\/","title":{"rendered":"Nahrungserg\u00e4nzungsmittel"},"content":{"rendered":"\n[et_pb_section fb_built=&#8221;1&#8243; _builder_version=&#8221;3.19.3&#8243; custom_padding=&#8221;50px|0px|7px|0px|false|false&#8221;][et_pb_row custom_padding=&#8221;30px|0px|4px|0px|false|false&#8221; _builder_version=&#8221;3.19.3&#8243;][et_pb_column type=&#8221;4_4&#8243; _builder_version=&#8221;3.19.3&#8243; parallax=&#8221;off&#8221; parallax_method=&#8221;on&#8221;][et_pb_text _builder_version=&#8221;3.19.3&#8243;]\n\n<p>Hallo mein Freund, diese Seite ist eine Liste von Blog-Eintr\u00e4gen, in denen ich alle Nahrungserg\u00e4nzungsmittel beschreibe, die ich w\u00e4hrend meiner DPDR-Genesung genommen habe. Es tut mir leid, gleich zu Beginn zu erw\u00e4hnen, dass <strong>es keine Nahrungserg\u00e4nzungsmittel oder Medikamente gab, die ich genommen habe oder von denen ich geh\u00f6rt habe, die DPDR von einem Tag auf den anderen verschwinden lassen<\/strong>. Dennoch habe ich bei einigen wenigen eine Ver\u00e4nderung in meinem Kopf gesp\u00fcrt, was eine willkommene Erleichterung im Vergleich zu der allt\u00e4glichen DPDR-Taubheit war. Bitte gib nicht auf! Die DPDR wird besser! Hab Geduld!<\/p>\n\n[\/et_pb_text][\/et_pb_column][\/et_pb_row][\/et_pb_section][et_pb_section fb_built=&#8221;1&#8243; _builder_version=&#8221;3.19.3&#8243; custom_padding=&#8221;4px|0px|50px|0px|false|false&#8221;][et_pb_row _builder_version=&#8221;3.19.3&#8243;][et_pb_column type=&#8221;4_4&#8243; _builder_version=&#8221;3.19.3&#8243; parallax=&#8221;off&#8221; parallax_method=&#8221;on&#8221;]<p>[et_pb_blog fullwidth=&#8221;off&#8221; include_categories=&#8221;13&#8243; show_more=&#8221;on&#8221; show_author=&#8221;off&#8221; _builder_version=&#8221;3.19.3&#8243; meta_font=&#8221;||||||||&#8221;][\/et_pb_blog]<\/p>[\/et_pb_column][\/et_pb_row][\/et_pb_section]\n","protected":false},"excerpt":{"rendered":"<p>test excerpt<\/p>\n","protected":false},"author":2,"featured_media":0,"parent":0,"menu_order":0,"comment_status":"closed","ping_status":"closed","template":"","meta":{"_et_pb_use_builder":"on","_et_pb_old_content":"","_et_gb_content_width":"","footnotes":""},"class_list":["post-641","page","type-page","status-publish","hentry"],"aioseo_notices":[],"_links":{"self":[{"href":"https:\/\/dpdrinfos.com\/de\/wp-json\/wp\/v2\/pages\/641","targetHints":{"allow":["GET"]}}],"collection":[{"href":"https:\/\/dpdrinfos.com\/de\/wp-json\/wp\/v2\/pages"}],"about":[{"href":"https:\/\/dpdrinfos.com\/de\/wp-json\/wp\/v2\/types\/page"}],"author":[{"embeddable":true,"href":"https:\/\/dpdrinfos.com\/de\/wp-json\/wp\/v2\/users\/2"}],"replies":[{"embeddable":true,"href":"https:\/\/dpdrinfos.com\/de\/wp-json\/wp\/v2\/comments?post=641"}],"version-history":[{"count":10,"href":"https:\/\/dpdrinfos.com\/de\/wp-json\/wp\/v2\/pages\/641\/revisions"}],"predecessor-version":[{"id":683,"href":"https:\/\/dpdrinfos.com\/de\/wp-json\/wp\/v2\/pages\/641\/revisions\/683"}],"wp:attachment":[{"href":"https:\/\/dpdrinfos.com\/de\/wp-json\/wp\/v2\/media?parent=641"}],"curies":[{"name":"wp","href":"https:\/\/api.w.org\/{rel}","templated":true}]}}