{"id":635,"date":"2020-12-20T13:35:28","date_gmt":"2020-12-20T13:35:28","guid":{"rendered":"https:\/\/depersonalization-derealization.com\/?page_id=635"},"modified":"2023-05-03T17:02:58","modified_gmt":"2023-05-03T17:02:58","slug":"__trashed","status":"publish","type":"page","link":"https:\/\/dpdrinfos.com\/de\/","title":{"rendered":"\u00dcber"},"content":{"rendered":"<p>[et_pb_section fb_built=&#8221;1&#8243; _builder_version=&#8221;4.16&#8243; custom_padding=&#8221;50px|13px|50px|0px|false|false&#8221; global_colors_info=&#8221;{}&#8221;][et_pb_row _builder_version=&#8221;4.16&#8243; background_size=&#8221;initial&#8221; background_position=&#8221;top_left&#8221; background_repeat=&#8221;repeat&#8221; custom_padding=&#8221;3px|0px|5px|0px|false|false&#8221; global_colors_info=&#8221;{}&#8221;][et_pb_column type=&#8221;4_4&#8243; _builder_version=&#8221;4.16&#8243; custom_padding=&#8221;|||&#8221; global_colors_info=&#8221;{}&#8221; custom_padding__hover=&#8221;|||&#8221;][et_pb_image src=&#8221;https:\/\/depersonalization-derealization.com\/wp-content\/uploads\/2020\/09\/Profile-Pic-02.jpg&#8221; align=&#8221;center&#8221; align_tablet=&#8221;center&#8221; align_phone=&#8221;&#8221; align_last_edited=&#8221;on|desktop&#8221; _builder_version=&#8221;4.16&#8243; global_colors_info=&#8221;{}&#8221;][\/et_pb_image][et_pb_text admin_label=&#8221;Text&#8221; _builder_version=&#8221;4.16&#8243; background_size=&#8221;initial&#8221; background_position=&#8221;top_left&#8221; background_repeat=&#8221;repeat&#8221; global_colors_info=&#8221;{}&#8221;]<\/p>\n<h2>Wer bin ich?<\/h2>\n<ul>\n<li>Hallo, mein Name ist <strong>Ben<\/strong>.<\/li>\n<li>Ich bin ein <strong>32 Jahre <\/strong>alter <strong>Maschinenbauingenieur<\/strong>.<\/li>\n<li>Ich hatte eine Depersonalisations-Derealisationsst\u00f6rung (DPDR) f\u00fcr <a href=\"tel:412\">6 <\/a>Monate <a href=\"tel:247\">rund um die Uhr<\/a>.<\/li>\n<li><strong>Heute bin ich zu 100% geheilt!<\/strong><\/li>\n<\/ul>\n<h2>Was ist meine Mission?<\/h2>\n<ul>\n<li><strong>Sensibilisierung <\/strong>der \u00d6ffentlichkeit f\u00fcr die <strong>DPDR<\/strong>.<\/li>\n<li><strong>Der Wunsch mitzuteilen, was ich <\/strong>w\u00e4hrend meinem DPDR Heilungsprozess\u00a0<strong>gelernt habe<\/strong>.<\/li>\n<li><strong>Hilfreiche Inhalte f\u00fcr <\/strong>diejenigen von euch erstellen, die gerade gegen DPDR k\u00e4mpfen.<\/li>\n<\/ul>\n<h2>Warum kann ich dir helfen?<\/h2>\n<ul>\n<li>Ich hatte 4 1\/2 Monate lang eine extreme DPDR.<\/li>\n<li><strong>Ich habe mich zu 100% erholt!<\/strong><\/li>\n<li>Ich kann meinen <strong>wissenschaftlichen Hintergrund <\/strong>(<strong>Bsc. <\/strong>Maschinenbau und <strong>Msc. <\/strong>Materialwissenschaft) nutzen, um die wissenschaftliche Forschung, die bzgl. DPDR ver\u00f6ffentlicht wurde, einzusch\u00e4tzen, meine Erkenntnisse mit meinen eigenen Erfahrungen zu kombinieren und sie zu hilfreichen und wertvollen Inhalten f\u00fcr dich zusammenzuf\u00fchren.<\/li>\n<\/ul>\n<h2>Warum tue ich das?<\/h2>\n<ul>\n<li><strong>Ich kann anderen helfen, und das gibt mir auch ein Gef\u00fchl der Erf\u00fcllung.<\/strong><\/li>\n<li>Ich habe Spa\u00df daran, meine Website zu verbessern.<\/li>\n<li>Vielleicht ein oder zwei Euro durch Anzeigen zu verdienen.<\/li>\n<\/ul>\n<p>[\/et_pb_text][\/et_pb_column][\/et_pb_row][\/et_pb_section]<\/p>\n","protected":false},"excerpt":{"rendered":"<p>Wer bin ich? Hallo, mein Name ist Ben. Ich bin ein 32 Jahre alter Maschinenbauingenieur. Ich hatte eine Depersonalisations-Derealisationsst\u00f6rung (DPDR) f\u00fcr 6 Monate rund um die Uhr. Heute bin ich zu 100% geheilt! Was ist meine Mission? Sensibilisierung der \u00d6ffentlichkeit f\u00fcr die DPDR. Der Wunsch mitzuteilen, was ich w\u00e4hrend meinem DPDR Heilungsprozess\u00a0gelernt habe. Hilfreiche Inhalte [&hellip;]<\/p>\n","protected":false},"author":2,"featured_media":0,"parent":0,"menu_order":0,"comment_status":"closed","ping_status":"closed","template":"","meta":{"_et_pb_use_builder":"on","_et_pb_old_content":"","_et_gb_content_width":"","footnotes":""},"class_list":["post-635","page","type-page","status-publish","hentry"],"aioseo_notices":[],"_links":{"self":[{"href":"https:\/\/dpdrinfos.com\/de\/wp-json\/wp\/v2\/pages\/635","targetHints":{"allow":["GET"]}}],"collection":[{"href":"https:\/\/dpdrinfos.com\/de\/wp-json\/wp\/v2\/pages"}],"about":[{"href":"https:\/\/dpdrinfos.com\/de\/wp-json\/wp\/v2\/types\/page"}],"author":[{"embeddable":true,"href":"https:\/\/dpdrinfos.com\/de\/wp-json\/wp\/v2\/users\/2"}],"replies":[{"embeddable":true,"href":"https:\/\/dpdrinfos.com\/de\/wp-json\/wp\/v2\/comments?post=635"}],"version-history":[{"count":12,"href":"https:\/\/dpdrinfos.com\/de\/wp-json\/wp\/v2\/pages\/635\/revisions"}],"predecessor-version":[{"id":923,"href":"https:\/\/dpdrinfos.com\/de\/wp-json\/wp\/v2\/pages\/635\/revisions\/923"}],"wp:attachment":[{"href":"https:\/\/dpdrinfos.com\/de\/wp-json\/wp\/v2\/media?parent=635"}],"curies":[{"name":"wp","href":"https:\/\/api.w.org\/{rel}","templated":true}]}}